{"id":171,"date":"2021-09-13T14:52:43","date_gmt":"2021-09-13T14:52:43","guid":{"rendered":"https:\/\/luftschloss-dettingen.de\/?page_id=171"},"modified":"2022-11-04T15:15:18","modified_gmt":"2022-11-04T15:15:18","slug":"veranstaltungen","status":"publish","type":"page","link":"https:\/\/luftschloss-dettingen.de\/?page_id=171","title":{"rendered":"Veranstaltungskalender"},"content":{"rendered":"\n<p>Wichtiger Hinweis:<br>Die Ortsb\u00fccherei Dettingen und das Caf\u00e9 Luftschloss sind zwar zusammen in einer R\u00e4umlichkeit, sind aber dennoch unabh\u00e4ngige Partner. Die B\u00fccherei verfolgt ihren Bildungsauftrag nicht nur mit ihren B\u00fcchern, H\u00f6rmedien, DVDs und Online-Bibliothek, sie bietet auch Bildung durch Workshops, Lesungen und Vortr\u00e4ge. Und weil wir Partner sind und das Caf\u00e9 gelegentlich auch f\u00fcr das leibliche Wohl sorgen darf, findet ihr hier die Veranstaltungen von Caf\u00e9 UND B\u00fccherei. Der Veranstalter ist in der letzten Spalte zu finden. <\/p>\n\n\n\n<p>Ihr seid an einer Veranstaltung interessiert, wollt euch anmelden oder habt Fragen dazu? Gern einfach per Telefon (07021.8604426), Email (<a rel=\"noreferrer noopener\" href=\"mailto:cafe@luftschloss-dettingen.de\" target=\"_blank\">cafe@luftschloss-dettingen.de<\/a>) oder pers\u00f6nlich nachfragen. Alle Veranstaltungen finden mit begrenzter Teilnehmerzahl statt und folgen den tagesaktuellen Corona-Verordnungen des Landes Baden-W\u00fcrttemberg.<\/p>\n\n\n\n<p><\/p>\n\n\n\n<p><\/p>\n\n\n\n<p class=\"has-medium-font-size\"><span style=\"color:#71011b\" class=\"tadv-color\"><strong>Veranstaltungen<\/strong><\/span><\/p>\n\n\n\n<figure class=\"wp-block-table\"><table><tbody><tr><td>Datum<\/td><td>Uhrzeit<\/td><td>Titel<\/td><td>Beschreibung<\/td><td>Ort<\/td><td><\/td><\/tr><tr><td>27.10.22<\/td><td>19:30 Uhr<\/td><td>Infovortrag &#8222;Hilfe, mein Kind will ein Smartphone!&#8220;<\/td><td>Ab wann ist mein Kind alt genug f\u00fcr ein Handy?<br>Wie kann ich Handys \u201ekindersicher\u201c machen?<br>Welche Gefahren lauern in der \u201eMedienwelt\u201c?<br>Welche Regeln sind im Umgang mit Handy sinnvoll?<br><br>\u00dcber diese und weitere Fragen rund ums Thema sprechen wir am Info-Abend mit Multimediaberater Manfred H\u00e4fele<br><strong>Eintritt: 6\u20ac (inkl. 1 Getr\u00e4nk und Infomaterial)&nbsp;<\/strong><br><strong>Verbindliche Voranmeldung durch Vorkasse im Caf\u00e9 Luftschloss.<\/strong><\/td><td>Caf\u00e9 <br>Luftschloss<\/td><td><\/td><\/tr><tr><td>15.10.2022<\/td><td>14.00 bis 17.00 Uhr<\/td><td>Holzkunst f\u00fcr Teenager<\/td><td>F\u00fcr Teenager<\/td><td>B\u00fccherei<\/td><td><\/td><\/tr><tr><td>19.10.22<\/td><td>19:30 Uhr<\/td><td>Vortrag &#8222;So feinf\u00fchlig und so stark&#8220;<\/td><td>Kathrin Borghoff ist Coach f\u00fcr Hochsensibilit\u00e4t und hat im September ihr zweites Buch ver\u00f6ffentlicht. Sie wird an diesem Abend ihr Buch vorstellen und Zeit f\u00fcr Fragen habe<strong>n.<\/strong><\/td><td>Veranstalter: B\u00fccherei<br>Veranstaltungsort: Silchersaal, Schlossberghalle<\/td><td><\/td><\/tr><tr><td>(01.10.2022)<br>verschoben auf 31.10.22<\/td><td>14.00 bis 17.00 Uhr<\/td><td>Vogelh\u00e4uschen bauen mit Dany Thaer<\/td><td>F\u00fcr Kinder<\/td><td>B\u00fccherei<\/td><td><\/td><\/tr><tr><td>31.10.-4.12.22<\/td><td>W\u00e4hrend der \u00d6ffnungszeiten<\/td><td>Fotoausstellung \u201eLes Voyageurs\u201c<br>Ein Sommer in Frankreich. Mit Fotografien von Maria H\u00e4fele<\/td><td>Grafikdesignerin Maria H\u00e4fele fotografiert noch immer analog \u2013 mit ihrer ersten Kamera Minolta x-700 ebenso wie mit der geerbten EXA 1b ihres Vaters. Wenn es schnell gehen muss, schnappt sie sich die digitale Spiegelreflexkamera ihres Mannes. Die entstehenden Bilder der analogen Bilder bestechen durch K\u00f6rnigkeit und quasi eingebaute Vintage- und Staubfilter. Im Sommer 2022 fuhren die Fotografin und ihre Familie 2 Wochen durch Frankreich, ans Meer im Departement Charente-Maritime und dann an der Dordogne Richtung Freiburg. Dir Ausstellung zeigt ausgew\u00e4hlte Eindr\u00fccke dieser wunderbaren Auszeit in schwarz-wei\u00df und bunt.<\/td><td>Caf\u00e9 <br>Luftschloss<\/td><td><\/td><\/tr><tr><td>05.11.2022<\/td><td>14.00 bis 17.00 Uhr<\/td><td>Holzkunst &#8222;Weihnachten&#8220; f\u00fcr Kinder<\/td><td>F\u00fcr Kinder<\/td><td>B\u00fccherei<\/td><td><\/td><\/tr><tr><td>06.11.2022<\/td><td>12:30 bis 17:00 Uhr<\/td><td>verkaufsoffener Sonntag <\/td><td>Mittagssnacks wie Sandwiches und Salate f\u00fcr ab 3\u20ac<br>Tasse Kaffee und Kuchen f\u00fcr 6\u20ac<\/td><td>Caf\u00e9 Luftschloss<\/td><td><\/td><\/tr><tr><td>03.11.2022<\/td><td>19:00 bis 21:00 Uhr<\/td><td>Stempel schnitzen<\/td><td>Eigene Stempelkreationen von Entwurf \u00fcber Schnitzen bis Ausf\u00fchren \u2013 mit speziellen Schnitzwerkzeugen werden die eigenen Designs auf das Stempelgummi \u00fcbertragen und dann sorgf\u00e4ltig ausgeschnitzt. Auf einen Holzgriff geklebt, k\u00f6nnen diese Stempel dann direkt eingesetzt werden. F\u00fcr Anf\u00e4nger geeignet, ab 16 Jahren. Material inklusive in der Kursgeb\u00fchr (30\u20ac preo Person). Verbindliche Voranmeldung durch Vorkasse im Caf\u00e9 Luftschloss.<\/td><td>Caf\u00e9 <br>Luftschloss<\/td><td><\/td><\/tr><tr><td>18.11.2022<\/td><td>14.30 bis 17.30 Uhr<\/td><td>Handlettering \u201eWeihnachten\u201c f\u00fcr Fortgeschrittene \u2014 Teenager<\/td><td>Wer schon einmal Hand-\/Brushlettering gemacht hat, gestaltet hier mit Maria H\u00e4fele nach Vorlage drei Weihnachtskarten. Material wie die daf\u00fcr ben\u00f6tigten Stifte und die Kartenrohlinge sind im Preis (40\u20ac) inbegriffen. Gemeinsam werden Feinheiten der Gestaltung wie Schattenwurf, Lichtpunkte und Layout erarbeitet, so dass die Weihnachtskarten in diesem Jahr alle selbst gestaltet werden k\u00f6nnen.<\/td><td> B\u00fccherei<\/td><td><\/td><\/tr><tr><td>19.11.2022<\/td><td>14.00 bis 17.00 Uhr<\/td><td>Handlettering &#8222;Weihnachten&#8220; f\u00fcr Fortgeschrittene \u2014 Erwachsene<\/td><td>Wer schon einmal Hand-\/Brushlettering gemacht hat, gestaltet hier mit Maria H\u00e4fele nach Vorlage drei Weihnachtskarten. Material wie die daf\u00fcr ben\u00f6tigten Stifte und die Kartenrohlinge sind im Preis (40\u20ac) inbegriffen. Gemeinsam werden Feinheiten der Gestaltung wie Schattenwurf, Lichtpunkte und Layout erarbeitet, so dass die Weihnachtskarten in diesem Jahr alle selbst gestaltet werden k\u00f6nnen.<\/td><td>B\u00fccherei<\/td><td><\/td><\/tr><tr><td>Dezember 2022<\/td><td>14.00 bis 17.00 Uhr<\/td><td>Weihnachtskarten basteln aus Buchseiten<\/td><td>F\u00fcr Kinder<\/td><td>B\u00fccherei<\/td><td><\/td><\/tr><tr><td><\/td><td><\/td><td><\/td><td><\/td><td><\/td><td><\/td><\/tr><tr><td><br>ACHTUNG \u2013 auf noch unbestimmten Termin verschoben!<\/td><td>19 Uhr<\/td><td>VERSCHOBEN:<br>B\u00fccherei ohne Kinder<\/td><td>UPDATE: Aufgrund der Pandemiesituation ist dieser Abend verschoben \u2013 Termin kommt nach.<br><br>Einfach mal st\u00f6bern, reinlesen, sich unterhalten \u00fcber das zuletzt gelesene Buch \u2014 ohne Kinder geht das einfacher. Ein Erwachsenenabend f\u00fcr Leseratten und die, die es werden wollen und nur Zeit zum B\u00fccher Suchen brauchen. (Kostenfreier Eintritt, zuz\u00fcglich Getr\u00e4nke und Snacks.)<\/td><td>B\u00fccherei<\/td><td><\/td><\/tr><tr><td>ACHTUNG \u2013 auf noch unbestimmten Termin verschoben!<\/td><td>19 Uhr<\/td><td>VERSCHOBEN:<br>Medienkompetente Eltern<\/td><td>UPDATE: Bitte regelm\u00e4\u00dfig schauen \u2013 diese Veranstaltung verschoben&#8230;<br><br>\u201eSchau hin, was dein Kind im Internet macht\u201c wird dringend empfohlen, doch was wenn einem TikTok gar nichts sagt, man nicht wei\u00df, wie man Internetseiten restriktiv behandeln kann, selber keine Vorstellung hat, was ein Post bei Instagram oder Facebook f\u00fcr weitreichende Folgen hat? Manfred H\u00e4fele (IT-Lehrer und Medienbeauftragter seiner Schule) steigt mit Eltern tiefer in die Materie Social Media, Medienrecht und Cybermobbing ein.<\/td><td>Caf\u00e9 <br>Luftschloss <\/td><td><\/td><\/tr><tr><td><s>12.3.2022<\/s><\/td><td><s>14-17 Uhr<\/s><\/td><td><s>Osterfilzen<\/s><\/td><td><s>Dany Thaer filzt mit Anf\u00e4ngern und Fortgeschrittenen \u00f6sterliche Dekoration aus Wollfilz. Ein Kurs f\u00fcr Kinder zwischen 6 und 12 Jahren. Kursgeb\u00fchr 15.\u2013\u20ac (inklusive Material)<\/s><\/td><td><s>B\u00fccherei<\/s><\/td><td><\/td><\/tr><tr><td><s>9.4.22<\/s><\/td><td><s>14-17 Uhr<\/s><\/td><td><s>Handlettering Kurs mit Maria H\u00e4fele<\/s><\/td><td><s>Perfekt f\u00fcr Anf\u00e4nger werden hier die Basics des Hand- und Brushletterings erkl\u00e4rt. In den 30\u20ac Teilnahmegeb\u00fchr sind professionelle Materialien wie Stifte, Papier und \u00dcbungsbl\u00e4tter enthalten.<\/s><\/td><td><s>B\u00fccherei<\/s><\/td><td><\/td><\/tr><tr><td><s>23.4.22<\/s><\/td><td><s>16 Uhr<\/s><\/td><td><s>Literarische Teatime mit Stefanie Werner<\/s><\/td><td><s>14\u20ac (inklusive B\u00fcffett und einem Hei\u00dfgetr\u00e4nk)<\/s><\/td><td>B\u00fccherei<\/td><td><\/td><\/tr><tr><td><s>26.3. \u2013 30.4.22<\/s><\/td><td><s>zu den regul\u00e4ren \u00d6ffnungszeiten<\/s><\/td><td><s>Ausstellung &#8222;Kellerkunst&#8220; <br>von \u00d6 Raichle<\/s><\/td><td><s>Naturmaterialien, verschiedene Farben, Graffiti, B\u00fccherseiten \u2013 die vielschichtigen Malereien der Dettinger K\u00fcnstlerin \u00d6 Raichle schm\u00fccken die W\u00e4nde des Caf\u00e9s und offenbaren jedes Mal eine weitere Ebene.<\/s><\/td><td><s>Caf\u00e9<\/s><\/td><td><\/td><\/tr><tr><td><s>13.05.22<\/s><\/td><td><s>19 Uhr<\/s><\/td><td><s>Vortragsreihe Familienwissen:<br>KIDZ-Konzept<\/s><\/td><td><s>Informationsveranstaltung mit Stephan Kick (Verm\u00f6gensberater DVAG) \u00fcber Gesundheit, Finanzielle Kompetenz und Absicherung f\u00fcr Kinder.<br>Mit Anmeldung da begrenzte Teilnehmerzahl, kostenfrei.<\/s><\/td><td><s>Caf\u00e9<\/s><\/td><td><\/td><\/tr><tr><td><s>14.5.22<\/s><\/td><td><s>10 \u2013 15 Uhr<\/s><\/td><td><s>Jubil\u00e4ums\u00f6ffnung<\/s><\/td><td><s>Schon 1 Jahr Caf\u00e9 Luftschloss und Ortsb\u00fccherei Dettingen im Alten Gemeindehaus! Ein bisschen feiern darf man das schon. Mit M\u00e4rchenzelt, viel Kuchen und Eis laden wir zum Feiern ein. Als weiteres Highlight gibts einen<\/s><\/td><td><s>Caf\u00e9 und B\u00fccherei<\/s><\/td><td><\/td><\/tr><tr><td><s>20.5.22<\/s><\/td><td><s>19:30 Uhr<\/s><\/td><td><s>Krimilesung mit Kevin Butler<\/s><\/td><td><s>Dieser Jungautor hat bereits seinen zweiten Kriminalroman in diesem Fr\u00fchjahr ver\u00f6ffentlich. Sein neustes St\u00fcck hei\u00dft &#8222;Sp\u00e4tzletango&#8220; und auch hier greift die kriminalbegeisterte Bibliothekarin Dora Fuchs, flei\u00dfig ins Geschehen ein. Das ist der Polizei ein Dorn im Auge.<br>Handlungsort, ist wie bei seinem ersten Werk &#8222;Maultaschenmambo&#8220;, die Schw\u00e4bische Alb.<br>Tickets zum Preis von 12,\u2013\u20ac in B\u00fccherei und Caf\u00e9<\/s><\/td><td><s>B\u00fccherei<\/s><\/td><td><\/td><\/tr><tr><td><s>25.06.22<br>(Ausstellung bis 30.7.22)<\/s><\/td><td><s>18 Uhr<\/s><\/td><td><s>Vernissage Fotoausstellung &#8222;drau\u00dfen zuhause&#8220; von Sando Wagner,<br>aus der Reihe &#8222;Kunst&amp;Kaffee&#8220;<\/s><\/td><td><s>Auf der Vernissage in entspanntem Rahmen mit leckeren Snacks und Getr\u00e4nken die K\u00fcnstlerin kennenlernen und als erste die Bilder entdecken. Ohne Anmeldung. Eintritt frei.<br><br>Auf langen Spazierg\u00e4ngen von Kirchheim bis ins Lenninger Tal entdeckt Sando Wagner das ganze Jahr \u00fcber das Ungew\u00f6hnliche in der Natur. Die Kamera ist immer dabei, wenn sie durch W\u00e4lder, Felder und Wiesen streift, Bienen in Bl\u00fcten entdeckt, Rehe sich nach ihr umsehen, die Sonnenstrahlen sich den Weg durch die Bl\u00e4tter suchen und auf Waldwege treffen.<br>Eine Auswahl der entstandenen Bilder k\u00f6nnen vom 25.6. bis 30.7.22 im Caf\u00e9 Luftschloss und der Ortsb\u00fccherei in Dettingen entdeckt werden.<\/s><\/td><td><s>Caf\u00e9\/<\/s><br><s>B\u00fccherei<\/s><\/td><td><\/td><\/tr><tr><td><s>02.07.22<\/s><\/td><td><s>19 Uhr<\/s><\/td><td><s>Lesung mit \u201eM\u00f6rderische Schwestern\u201c<\/s><\/td><td><s>Die M\u00f6rderischen Schwestern zu Gast &#8230; in der Ortsb\u00fccherei. Seien Sie gespannt darauf, was diese 5 lokalen Krimischriftstellerinnen uns mitgebracht haben. Bei einem kurzweiligen Abend, m\u00f6chten wir mit Ihnen zusammen, einen gem\u00fctlichen Sommerabend im Garten verbringen, uns gut unterhalten lassen und regionale Kleinigkeiten genie\u00dfen.<br><br><br>Die Autorinnen:&nbsp;Mareike Fr\u00f6hlich,&nbsp;Sybille Baecker,&nbsp;Ruth Edelmann-Amrhein,&nbsp;Cindy J\u00e4ger,&nbsp;Isabel Holocher-Knosp<br>Moderation: Daniela Berg<br>Musik: Sally Grayson<br><br><strong><strong>Preis Vorverkauf&nbsp; &nbsp; &nbsp;16,00 \u20ac<\/strong><br><strong>Abendkasse&nbsp; &nbsp; &nbsp; &nbsp; &nbsp; &nbsp; &nbsp;18,00 \u20ac<\/strong><\/strong><br><br>Tickets in B\u00fccherei und Caf\u00e9 erh\u00e4ltlich.<\/s><\/td><td><s>B\u00fccherei<\/s><\/td><td><\/td><\/tr><tr><td><s>30.07.22<\/s><\/td><td><s>18 Uhr<\/s><\/td><td><s>Finissage Fotoausstellung &#8222;drau\u00dfen zuhause&#8220; von Sando Wagner,<br>aus der Reihe &#8222;Kunst&amp;Kaffee&#8220;<\/s><\/td><td><s>Auf der Finissage das letzte Mal die Bilder entdecken. Ohne Anmeldung. Eintritt frei.<\/s><\/td><td><s>Caf\u00e9\/B\u00fccherei<\/s><\/td><td><\/td><\/tr><tr><td>24.09.2022<\/td><td>14.00 bis 17.00 Uhr<\/td><td>Makramee meets Flowers oder Geigenk\u00e4fer meets Blumamadle<\/td><td>Bei diesem Workshop kreiiert ihr gemeinsam, mit Dani von Geigenk\u00e4fer und Anja von Blumamadle, einen Makramee\/ Trockenblumenring. Freut euch auf einen kreativen Nachmittag in gem\u00fctlicher Atmosph\u00e4re.<\/td><td>B\u00fccherei<\/td><td><\/td><\/tr><\/tbody><\/table><\/figure>\n\n\n\n\n\n<p><\/p>\n","protected":false},"excerpt":{"rendered":"<p>Wichtiger Hinweis:Die Ortsb\u00fccherei Dettingen und das Caf\u00e9 Luftschloss sind zwar zusammen in einer R\u00e4umlichkeit, sind aber dennoch unabh\u00e4ngige Partner. Die B\u00fccherei verfolgt ihren Bildungsauftrag nicht nur mit ihren B\u00fcchern, H\u00f6rmedien, DVDs und Online-Bibliothek, sie bietet auch Bildung durch Workshops, Lesungen und Vortr\u00e4ge. Und weil wir Partner sind und das Caf\u00e9 gelegentlich auch f\u00fcr das leibliche&hellip; <a href=\"https:\/\/luftschloss-dettingen.de\/?page_id=171\" class=\"more-link\">Weiterlesen <span class=\"screen-reader-text\">Veranstaltungskalender<\/span><\/a><\/p>\n","protected":false},"author":1,"featured_media":0,"parent":0,"menu_order":2,"comment_status":"closed","ping_status":"closed","template":"","meta":[],"_links":{"self":[{"href":"https:\/\/luftschloss-dettingen.de\/index.php?rest_route=\/wp\/v2\/pages\/171"}],"collection":[{"href":"https:\/\/luftschloss-dettingen.de\/index.php?rest_route=\/wp\/v2\/pages"}],"about":[{"href":"https:\/\/luftschloss-dettingen.de\/index.php?rest_route=\/wp\/v2\/types\/page"}],"author":[{"embeddable":true,"href":"https:\/\/luftschloss-dettingen.de\/index.php?rest_route=\/wp\/v2\/users\/1"}],"replies":[{"embeddable":true,"href":"https:\/\/luftschloss-dettingen.de\/index.php?rest_route=%2Fwp%2Fv2%2Fcomments&post=171"}],"version-history":[{"count":37,"href":"https:\/\/luftschloss-dettingen.de\/index.php?rest_route=\/wp\/v2\/pages\/171\/revisions"}],"predecessor-version":[{"id":649,"href":"https:\/\/luftschloss-dettingen.de\/index.php?rest_route=\/wp\/v2\/pages\/171\/revisions\/649"}],"wp:attachment":[{"href":"https:\/\/luftschloss-dettingen.de\/index.php?rest_route=%2Fwp%2Fv2%2Fmedia&parent=171"}],"curies":[{"name":"wp","href":"https:\/\/api.w.org\/{rel}","templated":true}]}}